{"id":216,"date":"2025-07-10T17:33:20","date_gmt":"2025-07-10T15:33:20","guid":{"rendered":"https:\/\/eloquent-keller.217-154-112-221.plesk.page\/?page_id=216"},"modified":"2025-09-09T18:11:53","modified_gmt":"2025-09-09T16:11:53","slug":"legal-notices","status":"publish","type":"page","link":"https:\/\/eloquent-keller.217-154-112-221.plesk.page\/en\/legal-notices\/","title":{"rendered":"Legal notices"},"content":{"rendered":"<p>SOS M\u00e9decins Capbreton has created this website \u201csosmedecins-capbreton.com\u201d (hereinafter referred to as the \u201csite\u201d), in order to provide up-to-date information about SOS M\u00e9decins Capbreton, both to its employees and to any professional or private individual wishing to learn more about SOS M\u00e9decins Capbreton and its services.<\/p>\n<p>This site is published by:<\/p>\n<p class=\"small-text\">SOS M\u00c9DECINS CAPBRETON \u2013 ASSOCIATION DE LA C\u00d4TE LANDAISE DES URGENCES M\u00c9DICALES (ACLUM) Registered non-profit association BATIMENT LES DUNES LOT C, 7 RUE DE LA PALINETTE, 40130 CAPBRETON Identifier W401010720 SIRET 93756895400013<\/p>\n<p>Publication Director: Mrs. Sonia Laban-M\u00e9l\u00e9<\/p>\n<p>This site is hosted by:<\/p>\n","protected":false},"excerpt":{"rendered":"<p>SOS M\u00e9decins Capbreton has created this website \u201csosmedecins-capbreton.com\u201d (hereinafter referred to as the \u201csite\u201d), in order to provide up-to-date information about SOS M\u00e9decins Capbreton, both to its employees and to any professional or private individual wishing to learn more about SOS M\u00e9decins Capbreton and its services. This site is published by: SOS M\u00c9DECINS CAPBRETON \u2013 [&hellip;]<\/p>\n","protected":false},"author":1,"featured_media":0,"parent":0,"menu_order":0,"comment_status":"closed","ping_status":"closed","template":"","meta":{"_acf_changed":false,"footnotes":""},"class_list":["post-216","page","type-page","status-publish","hentry"],"acf":[],"_links":{"self":[{"href":"https:\/\/eloquent-keller.217-154-112-221.plesk.page\/en\/wp-json\/wp\/v2\/pages\/216","targetHints":{"allow":["GET"]}}],"collection":[{"href":"https:\/\/eloquent-keller.217-154-112-221.plesk.page\/en\/wp-json\/wp\/v2\/pages"}],"about":[{"href":"https:\/\/eloquent-keller.217-154-112-221.plesk.page\/en\/wp-json\/wp\/v2\/types\/page"}],"author":[{"embeddable":true,"href":"https:\/\/eloquent-keller.217-154-112-221.plesk.page\/en\/wp-json\/wp\/v2\/users\/1"}],"replies":[{"embeddable":true,"href":"https:\/\/eloquent-keller.217-154-112-221.plesk.page\/en\/wp-json\/wp\/v2\/comments?post=216"}],"version-history":[{"count":2,"href":"https:\/\/eloquent-keller.217-154-112-221.plesk.page\/en\/wp-json\/wp\/v2\/pages\/216\/revisions"}],"predecessor-version":[{"id":625,"href":"https:\/\/eloquent-keller.217-154-112-221.plesk.page\/en\/wp-json\/wp\/v2\/pages\/216\/revisions\/625"}],"wp:attachment":[{"href":"https:\/\/eloquent-keller.217-154-112-221.plesk.page\/en\/wp-json\/wp\/v2\/media?parent=216"}],"curies":[{"name":"wp","href":"https:\/\/api.w.org\/{rel}","templated":true}]}}